{"id":240,"date":"2021-03-24T20:36:32","date_gmt":"2021-03-24T20:36:32","guid":{"rendered":"https:\/\/wsd-solutions.net\/?page_id=240"},"modified":"2021-03-24T20:59:59","modified_gmt":"2021-03-24T20:59:59","slug":"politicas-de-privacidad","status":"publish","type":"page","link":"https:\/\/wsd-solutions.net\/en\/politicas-de-privacidad\/","title":{"rendered":"Politicas de privacidad"},"content":{"rendered":"<div data-elementor-type=\"wp-page\" data-elementor-id=\"240\" class=\"elementor elementor-240\">\n\t\t\t\t\t\t<section class=\"elementor-section elementor-top-section elementor-element elementor-element-a14ca6d elementor-section-boxed elementor-section-height-default elementor-section-height-default\" data-id=\"a14ca6d\" data-element_type=\"section\" data-e-type=\"section\" data-settings=\"{&quot;background_background&quot;:&quot;classic&quot;}\">\n\t\t\t\t\t\t<div class=\"elementor-container elementor-column-gap-default\">\n\t\t\t\t\t<div class=\"elementor-column elementor-col-100 elementor-top-column elementor-element elementor-element-2009336\" data-id=\"2009336\" data-element_type=\"column\" data-e-type=\"column\">\n\t\t\t<div class=\"elementor-widget-wrap elementor-element-populated\">\n\t\t\t\t\t\t<div class=\"elementor-element elementor-element-376ea56 elementor-widget elementor-widget-image\" data-id=\"376ea56\" data-element_type=\"widget\" data-e-type=\"widget\" data-widget_type=\"image.default\">\n\t\t\t\t<div class=\"elementor-widget-container\">\n\t\t\t\t\t\t\t\t\t\t\t\t\t\t\t<img fetchpriority=\"high\" decoding=\"async\" width=\"768\" height=\"270\" src=\"https:\/\/wsd-solutions.net\/wp-content\/uploads\/2021\/03\/politicas-de-privacidad-768x270.png\" class=\"attachment-medium_large size-medium_large wp-image-267\" alt=\"\" srcset=\"https:\/\/wsd-solutions.net\/wp-content\/uploads\/2021\/03\/politicas-de-privacidad-768x270.png 768w, https:\/\/wsd-solutions.net\/wp-content\/uploads\/2021\/03\/politicas-de-privacidad-416x146.png 416w, https:\/\/wsd-solutions.net\/wp-content\/uploads\/2021\/03\/politicas-de-privacidad-300x105.png 300w, https:\/\/wsd-solutions.net\/wp-content\/uploads\/2021\/03\/politicas-de-privacidad-1024x360.png 1024w, https:\/\/wsd-solutions.net\/wp-content\/uploads\/2021\/03\/politicas-de-privacidad-1536x540.png 1536w, https:\/\/wsd-solutions.net\/wp-content\/uploads\/2021\/03\/politicas-de-privacidad-16x6.png 16w, https:\/\/wsd-solutions.net\/wp-content\/uploads\/2021\/03\/politicas-de-privacidad-350x123.png 350w, https:\/\/wsd-solutions.net\/wp-content\/uploads\/2021\/03\/politicas-de-privacidad.png 1920w\" sizes=\"(max-width: 768px) 100vw, 768px\" \/>\t\t\t\t\t\t\t\t\t\t\t\t\t\t\t<\/div>\n\t\t\t\t<\/div>\n\t\t\t\t<div class=\"elementor-element elementor-element-8b0b073 elementor-widget elementor-widget-heading\" data-id=\"8b0b073\" data-element_type=\"widget\" data-e-type=\"widget\" data-widget_type=\"heading.default\">\n\t\t\t\t<div class=\"elementor-widget-container\">\n\t\t\t\t\t<h5 class=\"elementor-heading-title elementor-size-default\">Recopilaci\u00f3n de su informaci\u00f3n personal:<\/h5>\t\t\t\t<\/div>\n\t\t\t\t<\/div>\n\t\t\t\t<div class=\"elementor-element elementor-element-04f0e77 elementor-widget elementor-widget-text-editor\" data-id=\"04f0e77\" data-element_type=\"widget\" data-e-type=\"widget\" data-widget_type=\"text-editor.default\">\n\t\t\t\t<div class=\"elementor-widget-container\">\n\t\t\t\t\t\t\t\t\t<p><span style=\"color: #000000;\">Cuando acceder a nuestros servicios en\u00a0<strong>wsd-solutions.net<\/strong>, se le solicitar\u00e1 que inicie sesi\u00f3n con una direcci\u00f3n de correo electr\u00f3nico y una contrase\u00f1a, a las que nos referimos como sus credenciales.\u00a0En la mayor\u00eda de los casos, estas credenciales ser\u00e1n parte de\u00a0<strong>wsd-solutions.net<\/strong>, lo que significa que puede usar las mismas credenciales para iniciar sesi\u00f3n en muchos sitios y servicios diferentes.\u00a0Al iniciar sesi\u00f3n en el sitio o servicio\u00a0<strong>wsd-solutions.net<\/strong>, puede iniciar sesi\u00f3n autom\u00e1ticamente en otros sitios y servicios.<\/span><\/p><p><span style=\"color: #000000;\">Tambi\u00e9n se le puede solicitar que proporcione respuestas, que utilizamos para ayudar a verificar su identidad y ayudar a restablecer su contrase\u00f1a, as\u00ed como una direcci\u00f3n de correo electr\u00f3nico alternativa.\u00a0Se asignar\u00e1 un n\u00famero de identificaci\u00f3n \u00fanico a sus credenciales que se utilizar\u00e1 para identificar sus credenciales y la informaci\u00f3n asociada.<\/span><\/p><p><span style=\"color: #000000;\">Le pedimos que proporcione informaci\u00f3n personal, como su direcci\u00f3n de correo electr\u00f3nico, nombre, domicilio o n\u00famero de tel\u00e9fono o de trabajo.\u00a0Tambi\u00e9n podemos recopilar informaci\u00f3n demogr\u00e1fica, como su c\u00f3digo postal, edad, sexo, preferencias, intereses y favoritos.\u00a0Si elige realizar una compra o suscribirse a un servicio de suscripci\u00f3n de pago, le solicitaremos informaci\u00f3n adicional, como el n\u00famero de su tarjeta de cr\u00e9dito y la direcci\u00f3n de facturaci\u00f3n, que se utiliza para crear una cuenta de facturaci\u00f3n.<\/span><\/p><p><span style=\"color: #000000;\">Podemos recopilar informaci\u00f3n sobre su visita, incluidas las p\u00e1ginas que ve, los enlaces en los que hace clic y otras acciones tomadas en relaci\u00f3n con el sitio y los servicios de\u00a0<strong>wsd-solutions.net<\/strong>.\u00a0Tambi\u00e9n recopilamos cierta informaci\u00f3n est\u00e1ndar que su navegador env\u00eda a cada sitio web que visita, como su direcci\u00f3n IP, el tipo y el idioma de su navegador, los tiempos de acceso y las direcciones de sitios web de referencia.<\/span><\/p>\t\t\t\t\t\t\t\t<\/div>\n\t\t\t\t<\/div>\n\t\t\t\t<div class=\"elementor-element elementor-element-5a2a97a elementor-widget elementor-widget-heading\" data-id=\"5a2a97a\" data-element_type=\"widget\" data-e-type=\"widget\" data-widget_type=\"heading.default\">\n\t\t\t\t<div class=\"elementor-widget-container\">\n\t\t\t\t\t<h5 class=\"elementor-heading-title elementor-size-default\">Uso de su informaci\u00f3n personal:<\/h5>\t\t\t\t<\/div>\n\t\t\t\t<\/div>\n\t\t\t\t<div class=\"elementor-element elementor-element-44c14e3 elementor-widget elementor-widget-text-editor\" data-id=\"44c14e3\" data-element_type=\"widget\" data-e-type=\"widget\" data-widget_type=\"text-editor.default\">\n\t\t\t\t<div class=\"elementor-widget-container\">\n\t\t\t\t\t\t\t\t\t<p><span style=\"color: #000000;\"><strong>wsd-solutions.net<\/strong>\u00a0recopila y utiliza su informaci\u00f3n personal para operar y mejorar sus sitios y ofrecer los servicios o realizar las transacciones que ha solicitado. Estos usos pueden incluir proporcionarle un servicio al cliente m\u00e1s efectivo; haciendo que los sitios o servicios sean m\u00e1s f\u00e1ciles de usar al eliminar la necesidad de que ingrese repetidamente la misma informaci\u00f3n.<\/span><\/p><p><span style=\"color: #000000;\">Tambi\u00e9n utilizamos su informaci\u00f3n personal para comunicarnos con usted. Es posible que enviemos ciertas comunicaciones de servicio obligatorias, como correos electr\u00f3nicos de bienvenida, recordatorios de facturaci\u00f3n, informaci\u00f3n sobre problemas de servicio t\u00e9cnico y anuncios de seguridad.<\/span><\/p>\t\t\t\t\t\t\t\t<\/div>\n\t\t\t\t<\/div>\n\t\t\t\t<div class=\"elementor-element elementor-element-2c30606 elementor-widget elementor-widget-heading\" data-id=\"2c30606\" data-element_type=\"widget\" data-e-type=\"widget\" data-widget_type=\"heading.default\">\n\t\t\t\t<div class=\"elementor-widget-container\">\n\t\t\t\t\t<h5 class=\"elementor-heading-title elementor-size-default\">Compartir su informaci\u00f3n personal:<\/h5>\t\t\t\t<\/div>\n\t\t\t\t<\/div>\n\t\t\t\t<div class=\"elementor-element elementor-element-ba5339a elementor-widget elementor-widget-text-editor\" data-id=\"ba5339a\" data-element_type=\"widget\" data-e-type=\"widget\" data-widget_type=\"text-editor.default\">\n\t\t\t\t<div class=\"elementor-widget-container\">\n\t\t\t\t\t\t\t\t\t<p><span style=\"color: #000000;\">No revelaremos su informaci\u00f3n personal fuera de\u00a0<strong>wsd-solutions.net<\/strong>. Le permitimos que elija compartir su informaci\u00f3n personal para que puedan contactarlo sobre nuestros productos, servicios u ofertas. Su informaci\u00f3n se mantendr\u00e1 confidencial y se le proh\u00edbe usarla para cualquier otro prop\u00f3sito. Podemos acceder y \/ o divulgar su informaci\u00f3n personal si creemos que dicha acci\u00f3n es necesaria en circunstancias urgentes para proteger la seguridad personal de los usuarios.<\/span><\/p>\t\t\t\t\t\t\t\t<\/div>\n\t\t\t\t<\/div>\n\t\t\t\t<div class=\"elementor-element elementor-element-12cf570 elementor-widget elementor-widget-heading\" data-id=\"12cf570\" data-element_type=\"widget\" data-e-type=\"widget\" data-widget_type=\"heading.default\">\n\t\t\t\t<div class=\"elementor-widget-container\">\n\t\t\t\t\t<h5 class=\"elementor-heading-title elementor-size-default\">Acceso a su informaci\u00f3n personal:<\/h5>\t\t\t\t<\/div>\n\t\t\t\t<\/div>\n\t\t\t\t<div class=\"elementor-element elementor-element-55e4cff elementor-widget elementor-widget-text-editor\" data-id=\"55e4cff\" data-element_type=\"widget\" data-e-type=\"widget\" data-widget_type=\"text-editor.default\">\n\t\t\t\t<div class=\"elementor-widget-container\">\n\t\t\t\t\t\t\t\t\t<p><span style=\"color: #000000;\">Puede tener la posibilidad de ver o editar su informaci\u00f3n personal en l\u00ednea. Para evitar que otros puedan ver su informaci\u00f3n personal, se le solicitar\u00e1 que inicie sesi\u00f3n con sus credenciales (direcci\u00f3n de correo electr\u00f3nico y contrase\u00f1a). Puede escribirnos o enviarnos un correo electr\u00f3nico y nos pondremos en contacto con usted con respecto a su solicitud.<\/span><\/p>\t\t\t\t\t\t\t\t<\/div>\n\t\t\t\t<\/div>\n\t\t\t\t<div class=\"elementor-element elementor-element-05c5ce8 elementor-widget elementor-widget-heading\" data-id=\"05c5ce8\" data-element_type=\"widget\" data-e-type=\"widget\" data-widget_type=\"heading.default\">\n\t\t\t\t<div class=\"elementor-widget-container\">\n\t\t\t\t\t<h5 class=\"elementor-heading-title elementor-size-default\">Seguridad de su informaci\u00f3n personal:<\/h5>\t\t\t\t<\/div>\n\t\t\t\t<\/div>\n\t\t\t\t<div class=\"elementor-element elementor-element-a3494be elementor-widget elementor-widget-text-editor\" data-id=\"a3494be\" data-element_type=\"widget\" data-e-type=\"widget\" data-widget_type=\"text-editor.default\">\n\t\t\t\t<div class=\"elementor-widget-container\">\n\t\t\t\t\t\t\t\t\t<p><span style=\"color: #000000;\">wsd-solutions.net se compromete a proteger la seguridad de su informaci\u00f3n personal. Utilizamos una variedad de procedimientos de seguridad y hemos implementado procedimientos f\u00edsicos, electr\u00f3nicos y administrativos apropiados para ayudar a proteger su informaci\u00f3n personal del acceso y uso no autorizados. Cuando transmitimos informaci\u00f3n altamente confidencial (como una contrase\u00f1a) a trav\u00e9s de Internet, la protegemos mediante el uso de cifrado, como el protocolo Secure Socket Layer (SSL). Adem\u00e1s, es su responsabilidad mantener la confidencialidad de su contrase\u00f1a. No compartas esta informaci\u00f3n con nadie. Si comparte una computadora con alguien, siempre debe elegir cerrar sesi\u00f3n antes de abandonar un sitio o servicio para proteger el acceso a su informaci\u00f3n de los usuarios subsiguientes.<\/span><\/p>\t\t\t\t\t\t\t\t<\/div>\n\t\t\t\t<\/div>\n\t\t\t\t<div class=\"elementor-element elementor-element-17f0ab6 elementor-widget elementor-widget-heading\" data-id=\"17f0ab6\" data-element_type=\"widget\" data-e-type=\"widget\" data-widget_type=\"heading.default\">\n\t\t\t\t<div class=\"elementor-widget-container\">\n\t\t\t\t\t<h5 class=\"elementor-heading-title elementor-size-default\">Cambios a esta declaraci\u00f3n de privacidad:<\/h5>\t\t\t\t<\/div>\n\t\t\t\t<\/div>\n\t\t\t\t<div class=\"elementor-element elementor-element-3e97071 elementor-widget elementor-widget-text-editor\" data-id=\"3e97071\" data-element_type=\"widget\" data-e-type=\"widget\" data-widget_type=\"text-editor.default\">\n\t\t\t\t<div class=\"elementor-widget-container\">\n\t\t\t\t\t\t\t\t\t<p><span style=\"color: #000000;\">Ocasionalmente actualizaremos esta declaraci\u00f3n de privacidad para reflejar los cambios en nuestros servicios y los comentarios de los clientes. Le recomendamos que revise peri\u00f3dicamente esta declaraci\u00f3n para estar informado de c\u00f3mo wsd-solutions.net protege su informaci\u00f3n y administra las cosas.<\/span><\/p>\t\t\t\t\t\t\t\t<\/div>\n\t\t\t\t<\/div>\n\t\t\t\t\t<\/div>\n\t\t<\/div>\n\t\t\t\t\t<\/div>\n\t\t<\/section>\n\t\t\t\t<\/div>","protected":false},"excerpt":{"rendered":"<p>Recopilaci\u00f3n de su informaci\u00f3n personal: Cuando acceder a nuestros servicios en\u00a0wsd-solutions.net, se le solicitar\u00e1 que inicie sesi\u00f3n con una direcci\u00f3n de correo electr\u00f3nico y una contrase\u00f1a, a las que nos referimos como sus credenciales.\u00a0En la mayor\u00eda de los casos, estas credenciales ser\u00e1n parte de\u00a0wsd-solutions.net, lo que significa que puede usar las mismas credenciales para iniciar [&hellip;]<\/p>","protected":false},"author":1,"featured_media":0,"parent":0,"menu_order":0,"comment_status":"closed","ping_status":"closed","template":"elementor_header_footer","meta":{"_joinchat":[],"footnotes":""},"yst_prominent_words":[],"class_list":["post-240","page","type-page","status-publish","hentry"],"yoast_head":"<!-- This site is optimized with the Yoast SEO Premium plugin v14.4.1 - https:\/\/yoast.com\/wordpress\/plugins\/seo\/ -->\n<title>Politicas de privacidad - WSD Solutions<\/title>\n<meta name=\"robots\" content=\"index, follow\" \/>\n<meta name=\"googlebot\" content=\"index, follow, max-snippet:-1, max-image-preview:large, max-video-preview:-1\" \/>\n<meta name=\"bingbot\" content=\"index, follow, max-snippet:-1, max-image-preview:large, max-video-preview:-1\" \/>\n<link rel=\"canonical\" href=\"https:\/\/wsd-solutions.net\/en\/politicas-de-privacidad\/\" \/>\n<meta property=\"og:locale\" content=\"en_US\" \/>\n<meta property=\"og:type\" content=\"article\" \/>\n<meta property=\"og:title\" content=\"Politicas de privacidad - WSD Solutions\" \/>\n<meta property=\"og:description\" content=\"Recopilaci\u00f3n de su informaci\u00f3n personal: Cuando acceder a nuestros servicios en\u00a0wsd-solutions.net, se le solicitar\u00e1 que inicie sesi\u00f3n con una direcci\u00f3n de correo electr\u00f3nico y una contrase\u00f1a, a las que nos referimos como sus credenciales.\u00a0En la mayor\u00eda de los casos, estas credenciales ser\u00e1n parte de\u00a0wsd-solutions.net, lo que significa que puede usar las mismas credenciales para iniciar [&hellip;]\" \/>\n<meta property=\"og:url\" content=\"https:\/\/wsd-solutions.net\/en\/politicas-de-privacidad\/\" \/>\n<meta property=\"og:site_name\" content=\"WSD Solutions\" \/>\n<meta property=\"article:modified_time\" content=\"2021-03-24T20:59:59+00:00\" \/>\n<meta property=\"og:image\" content=\"https:\/\/wsd-solutions.net\/wp-content\/uploads\/2021\/03\/politicas-de-privacidad-768x270.png\" \/>\n<meta name=\"twitter:card\" content=\"summary_large_image\" \/>\n<script type=\"application\/ld+json\" class=\"yoast-schema-graph\">{\"@context\":\"https:\/\/schema.org\",\"@graph\":[{\"@type\":\"WebSite\",\"@id\":\"https:\/\/wsd-solutions.net\/en\/#website\",\"url\":\"https:\/\/wsd-solutions.net\/en\/\",\"name\":\"WSD Solutions\",\"description\":\"Soluciones de Web hosting, Soporte t&eacute;cnico y Dise&ntilde;o gr&aacute;fico.\",\"potentialAction\":[{\"@type\":\"SearchAction\",\"target\":\"https:\/\/wsd-solutions.net\/en\/?s={search_term_string}\",\"query-input\":\"required name=search_term_string\"}],\"inLanguage\":\"en-US\"},{\"@type\":\"ImageObject\",\"@id\":\"https:\/\/wsd-solutions.net\/politicas-de-privacidad\/#primaryimage\",\"inLanguage\":\"en-US\",\"url\":\"https:\/\/wsd-solutions.net\/wp-content\/uploads\/2021\/03\/politicas-de-privacidad.png\",\"width\":1920,\"height\":675},{\"@type\":\"WebPage\",\"@id\":\"https:\/\/wsd-solutions.net\/politicas-de-privacidad\/#webpage\",\"url\":\"https:\/\/wsd-solutions.net\/politicas-de-privacidad\/\",\"name\":\"Politicas de privacidad - WSD Solutions\",\"isPartOf\":{\"@id\":\"https:\/\/wsd-solutions.net\/en\/#website\"},\"primaryImageOfPage\":{\"@id\":\"https:\/\/wsd-solutions.net\/politicas-de-privacidad\/#primaryimage\"},\"datePublished\":\"2021-03-24T20:36:32+00:00\",\"dateModified\":\"2021-03-24T20:59:59+00:00\",\"inLanguage\":\"en-US\",\"potentialAction\":[{\"@type\":\"ReadAction\",\"target\":[\"https:\/\/wsd-solutions.net\/politicas-de-privacidad\/\"]}]}]}<\/script>\n<!-- \/ Yoast SEO Premium plugin. -->","_links":{"self":[{"href":"https:\/\/wsd-solutions.net\/en\/wp-json\/wp\/v2\/pages\/240","targetHints":{"allow":["GET"]}}],"collection":[{"href":"https:\/\/wsd-solutions.net\/en\/wp-json\/wp\/v2\/pages"}],"about":[{"href":"https:\/\/wsd-solutions.net\/en\/wp-json\/wp\/v2\/types\/page"}],"author":[{"embeddable":true,"href":"https:\/\/wsd-solutions.net\/en\/wp-json\/wp\/v2\/users\/1"}],"replies":[{"embeddable":true,"href":"https:\/\/wsd-solutions.net\/en\/wp-json\/wp\/v2\/comments?post=240"}],"version-history":[{"count":7,"href":"https:\/\/wsd-solutions.net\/en\/wp-json\/wp\/v2\/pages\/240\/revisions"}],"predecessor-version":[{"id":270,"href":"https:\/\/wsd-solutions.net\/en\/wp-json\/wp\/v2\/pages\/240\/revisions\/270"}],"wp:attachment":[{"href":"https:\/\/wsd-solutions.net\/en\/wp-json\/wp\/v2\/media?parent=240"}],"wp:term":[{"taxonomy":"yst_prominent_words","embeddable":true,"href":"https:\/\/wsd-solutions.net\/en\/wp-json\/wp\/v2\/yst_prominent_words?post=240"}],"curies":[{"name":"wp","href":"https:\/\/api.w.org\/{rel}","templated":true}]}}